{"id":7,"date":"2011-03-11T18:28:42","date_gmt":"2011-03-11T18:28:42","guid":{"rendered":"http:\/\/www.ciberbullying.com\/cyberbullying\/?page_id=7"},"modified":"2020-04-02T10:40:03","modified_gmt":"2020-04-02T09:40:03","slug":"que-es-el-ciberbullying","status":"publish","type":"page","link":"https:\/\/www.ciberbullying.com\/cyberbullying\/que-es-el-ciberbullying\/","title":{"rendered":"\u00bfQu\u00e9 es el Ciberbullying?"},"content":{"rendered":"\t\t<div data-elementor-type=\"wp-post\" data-elementor-id=\"7\" class=\"elementor elementor-7\" data-elementor-post-type=\"page\">\n\t\t\t\t\t\t<section class=\"elementor-section elementor-top-section elementor-element elementor-element-625ab3f6 elementor-section-boxed elementor-section-height-default elementor-section-height-default\" data-id=\"625ab3f6\" data-element_type=\"section\" data-e-type=\"section\">\n\t\t\t\t\t\t<div class=\"elementor-container elementor-column-gap-default\">\n\t\t\t\t\t<div class=\"elementor-column elementor-col-100 elementor-top-column elementor-element elementor-element-21367426\" data-id=\"21367426\" data-element_type=\"column\" data-e-type=\"column\">\n\t\t\t<div class=\"elementor-widget-wrap elementor-element-populated\">\n\t\t\t\t\t\t<div class=\"elementor-element elementor-element-3d9da0b elementor-widget elementor-widget-text-editor\" data-id=\"3d9da0b\" data-element_type=\"widget\" data-e-type=\"widget\" data-widget_type=\"text-editor.default\">\n\t\t\t\t<div class=\"elementor-widget-container\">\n\t\t\t\t\t\t\t\t\t<p>El\u00a0<em>ciberbullying<\/em>\u00a0es\u00a0<strong>el uso de los medios telem\u00e1ticos (Internet, telefon\u00eda m\u00f3vil y videojuegos online principalmente) para ejercer el acoso psicol\u00f3gico entre iguales.<\/strong>\u00a0No se trata aqu\u00ed el acoso o abuso de \u00edndole estrictamente sexual ni los casos en los que personas adultas intervienen.<\/p>\t\t\t\t\t\t\t\t<\/div>\n\t\t\t\t<\/div>\n\t\t\t\t<div class=\"elementor-element elementor-element-7465e5f elementor-widget elementor-widget-heading\" data-id=\"7465e5f\" data-element_type=\"widget\" data-e-type=\"widget\" data-widget_type=\"heading.default\">\n\t\t\t\t<div class=\"elementor-widget-container\">\n\t\t\t\t\t<h2 class=\"elementor-heading-title elementor-size-default\">\u00bfQu\u00e9 no es el ciberbullying?<\/h2>\t\t\t\t<\/div>\n\t\t\t\t<\/div>\n\t\t\t\t<div class=\"elementor-element elementor-element-5a3c44d elementor-widget elementor-widget-text-editor\" data-id=\"5a3c44d\" data-element_type=\"widget\" data-e-type=\"widget\" data-widget_type=\"text-editor.default\">\n\t\t\t\t<div class=\"elementor-widget-container\">\n\t\t\t\t\t\t\t\t\t<p>Por tanto tiene que haber\u00a0<strong>menores en ambos extremos<\/strong>\u00a0del ataque para que se considere ciberbullying: si hay alg\u00fan adulto, entonces estamos ante alg\u00fan otro tipo de\u00a0<em>ciberacoso<\/em>.<\/p><p>Tampoco se trata de\u00a0<a title=\"Conoce m\u00e1s sobre este otro problema: el grooming\" href=\"http:\/\/www.internet-grooming.net\/\">adultos que engatusan a menores<\/a>\u00a0para encontrarse con ellos fuera de la Red o explotar sus im\u00e1genes sexuales. Aunque hay veces en que un\/a menor comienza una campa\u00f1a de ciberbullying que puede acabar implicando a adultos con intenciones sexuales.<\/p>\t\t\t\t\t\t\t\t<\/div>\n\t\t\t\t<\/div>\n\t\t\t\t<div class=\"elementor-element elementor-element-7b30727 elementor-widget elementor-widget-heading\" data-id=\"7b30727\" data-element_type=\"widget\" data-e-type=\"widget\" data-widget_type=\"heading.default\">\n\t\t\t\t<div class=\"elementor-widget-container\">\n\t\t\t\t\t<h2 class=\"elementor-heading-title elementor-size-default\">\u00bfCu\u00e1ndo estamos ante un caso de ciberbullying?<\/h2>\t\t\t\t<\/div>\n\t\t\t\t<\/div>\n\t\t\t\t<div class=\"elementor-element elementor-element-1268add elementor-widget elementor-widget-text-editor\" data-id=\"1268add\" data-element_type=\"widget\" data-e-type=\"widget\" data-widget_type=\"text-editor.default\">\n\t\t\t\t<div class=\"elementor-widget-container\">\n\t\t\t\t\t\t\t\t\t<p>Estamos ante un caso de&nbsp;<em>ciberbullying<\/em>&nbsp;cuando un o una menor atormenta, amenaza, hostiga, humilla o molesta a otro\/a mediante Internet, tel\u00e9fonos m\u00f3viles, consolas de juegos u otras tecnolog\u00edas telem\u00e1ticas.<\/p>\n<p>Seg\u00fan el&nbsp;<a href=\"http:\/\/www.pantallasamigas.net\/estudios-realizados\/inteco-estudio-habitos-seguros-uso-tic-menores-econfianza-padres-pantallasamigas.shtm\">Estudio sobre h\u00e1bitos seguros en el uso de las TIC por los menores<\/a>&nbsp;publicado por el&nbsp;<acronym title=\"Instituto Nacional de Tecnolog\u00edas de la Comunicaci\u00f3n\">INTECO<\/acronym>&nbsp;en marzo de 2009 el&nbsp;<em><strong>ciberbullying se define como acoso entre iguales en el entorno TIC, e incluye actuaciones de chantaje, vejaciones e insultos de ni\u00f1os a otros ni\u00f1os.<\/strong><\/em><\/p>\t\t\t\t\t\t\t\t<\/div>\n\t\t\t\t<\/div>\n\t\t\t\t<div class=\"elementor-element elementor-element-b6c6566 elementor-widget elementor-widget-heading\" data-id=\"b6c6566\" data-element_type=\"widget\" data-e-type=\"widget\" data-widget_type=\"heading.default\">\n\t\t\t\t<div class=\"elementor-widget-container\">\n\t\t\t\t\t<h2 class=\"elementor-heading-title elementor-size-default\">\u00bfQu\u00e9 tiene que ver el ciberbullying con el bullying o acoso escolar?<\/h2>\t\t\t\t<\/div>\n\t\t\t\t<\/div>\n\t\t\t\t<div class=\"elementor-element elementor-element-ba2edfb elementor-widget elementor-widget-text-editor\" data-id=\"ba2edfb\" data-element_type=\"widget\" data-e-type=\"widget\" data-widget_type=\"text-editor.default\">\n\t\t\t\t<div class=\"elementor-widget-container\">\n\t\t\t\t\t\t\t\t\t<p>No son tan similares como podr\u00eda pensarse. En ambos se da un abuso entre iguales pero poco m\u00e1s tienen que ver en la mayor\u00eda de los casos. El\u00a0<span style=\"font-weight: bold;\">ciberbullying<\/span>\u00a0atiende a otras causas, se manifiesta de formas muy diversas y sus estrategias de abordamiento y consecuencias tambi\u00e9n difieren. S\u00ed es bastante posible que el bullying sea seguido de\u00a0<span style=\"font-weight: bold;\">ciberbullying<\/span>. Tambi\u00e9n es posible que el\u00a0<span style=\"font-weight: bold;\">ciberbullying<\/span>\u00a0pueda acabar tambi\u00e9n en una situaci\u00f3n de bullying, pero desde luego esto \u00faltimo s\u00ed que es poco probable.<\/p>\t\t\t\t\t\t\t\t<\/div>\n\t\t\t\t<\/div>\n\t\t\t\t<div class=\"elementor-element elementor-element-d36d24d elementor-widget elementor-widget-heading\" data-id=\"d36d24d\" data-element_type=\"widget\" data-e-type=\"widget\" data-widget_type=\"heading.default\">\n\t\t\t\t<div class=\"elementor-widget-container\">\n\t\t\t\t\t<h2 class=\"elementor-heading-title elementor-size-default\">\u00bfPor qu\u00e9 es especialmente grave el ciberbullying?\n<\/h2>\t\t\t\t<\/div>\n\t\t\t\t<\/div>\n\t\t\t\t<div class=\"elementor-element elementor-element-ec2c8c9 elementor-widget elementor-widget-text-editor\" data-id=\"ec2c8c9\" data-element_type=\"widget\" data-e-type=\"widget\" data-widget_type=\"text-editor.default\">\n\t\t\t\t<div class=\"elementor-widget-container\">\n\t\t\t\t\t\t\t\t\t<p>El\u00a0<strong>anonimato<\/strong>, la\u00a0<strong>no percepci\u00f3n directa e inmediata del da\u00f1o causado<\/strong>\u00a0y la adopci\u00f3n de\u00a0<strong>roles imaginarios en la Red<\/strong>\u00a0convierten al ciberbullying en un grave problema.<\/p>\t\t\t\t\t\t\t\t<\/div>\n\t\t\t\t<\/div>\n\t\t\t\t<div class=\"elementor-element elementor-element-4db4ec3 elementor-widget elementor-widget-heading\" data-id=\"4db4ec3\" data-element_type=\"widget\" data-e-type=\"widget\" data-widget_type=\"heading.default\">\n\t\t\t\t<div class=\"elementor-widget-container\">\n\t\t\t\t\t<h2 class=\"elementor-heading-title elementor-size-default\">Sin\u00f3nimos<\/h2>\t\t\t\t<\/div>\n\t\t\t\t<\/div>\n\t\t\t\t<div class=\"elementor-element elementor-element-01a3ad3 elementor-widget elementor-widget-text-editor\" data-id=\"01a3ad3\" data-element_type=\"widget\" data-e-type=\"widget\" data-widget_type=\"text-editor.default\">\n\t\t\t\t<div class=\"elementor-widget-container\">\n\t\t\t\t\t\t\t\t\t<p>Adem\u00e1s de la adaptaci\u00f3n del neologismo ingl\u00e9s (<em>cyber-bullying<\/em>) se utilizan en castellano otros t\u00e9rminos para denominar al\u00a0<strong>ciberbullying<\/strong>, combinando el prefijo\u00a0<em>ciber-<\/em>\u00a0o los adjetivos\u00a0<em>online<\/em>\u00a0o\u00a0<em>virtual<\/em>\u00a0con las palabras\u00a0<em>matonaje<\/em>,\u00a0<em>matoneo<\/em>\u00a0o\u00a0<em>abuso<\/em>, asociadas con la denominaci\u00f3n de\u00a0<em>matones<\/em>\u00a0o\u00a0<em>abusones<\/em>\u00a0para los que efect\u00faan el bullying. As\u00ed podemos encontrarnos con los siguientes\u00a0<strong>sin\u00f3nimos de\u00a0<em>ciberbullying<\/em><\/strong>:\u00a0<em>ciberabuso, cibermantonaje, cibermatoneo; abuso online, mantonaje online, matoneo online; abuso virtual, matonaje virtual, matoneo virtual<\/em>. Adem\u00e1s, en ingl\u00e9s tambi\u00e9n se utilizan\u00a0<em>e-bullying<\/em>\u00a0y\u00a0<em>online bullying<\/em>.<\/p>\t\t\t\t\t\t\t\t<\/div>\n\t\t\t\t<\/div>\n\t\t\t\t<div class=\"elementor-element elementor-element-db40460 elementor-widget elementor-widget-heading\" data-id=\"db40460\" data-element_type=\"widget\" data-e-type=\"widget\" data-widget_type=\"heading.default\">\n\t\t\t\t<div class=\"elementor-widget-container\">\n\t\t\t\t\t<h2 class=\"elementor-heading-title elementor-size-default\">\u00bfC\u00f3mo se manifiesta el ciberbullying?<\/h2>\t\t\t\t<\/div>\n\t\t\t\t<\/div>\n\t\t\t\t<div class=\"elementor-element elementor-element-be18964 elementor-widget elementor-widget-text-editor\" data-id=\"be18964\" data-element_type=\"widget\" data-e-type=\"widget\" data-widget_type=\"text-editor.default\">\n\t\t\t\t<div class=\"elementor-widget-container\">\n\t\t\t\t\t\t\t\t\t<p>Las formas que adopta son muy variadas y s\u00f3lo se encuentran limitadas por la pericia tecnol\u00f3gica y la imaginaci\u00f3n de los menores acosadores, lo cual es poco esperanzador. Algunos ejemplos concretos podr\u00edan ser los siguientes:<\/p>\n<ul>\n<li>Colgar en Internet una imagen comprometida (real o efectuada mediante fotomontajes) datos delicados, cosas que pueden perjudicar o avergonzar a la v\u00edctima y darlo a conocer en su entorno de relaciones.<\/li><\/ul><ul>\n<li>Dar de alta, con foto incluida, a la v\u00edctima en un web donde se trata de votar a la persona m\u00e1s fea, a la menos inteligente&#8230; y cargarle de&nbsp;<em>puntos<\/em>&nbsp;o&nbsp;<em>votos<\/em>&nbsp;para que aparezca en los primeros lugares.<\/li><\/ul><ul>\n<li>Crear un perfil o espacio falso en nombre de la v\u00edctima, en redes sociales o foros, donde se escriban a modo de confesiones en primera persona determinados acontecimientos personales, demandas expl\u00edcitas de contactos sexuales&#8230;<\/li><\/ul><ul>\n<li>Dejar comentarios ofensivos en foros o participar agresivamente en chats haci\u00e9ndose pasar por la v\u00edctima de manera que las reacciones vayan posteriormente dirigidas a quien ha sufrido la usurpaci\u00f3n de personalidad.<\/li><\/ul><ul>\n<li>Dando de alta la direcci\u00f3n de correo electr\u00f3nico en determinados sitios para que luego sea v\u00edctima de spam, de contactos con desconocidos&#8230;<\/li><\/ul><ul>\n<li>Usurpar su clave de correo electr\u00f3nico para, adem\u00e1s de cambiarla de forma que su leg\u00edtimo propietario no lo pueda consultar, leer los mensajes que a su buz\u00f3n le llegan violando su intimidad.<\/li><\/ul><ul>\n<li>Provocar a la v\u00edctima en servicios web que cuentan con una persona responsable de vigilar o moderar lo que all\u00ed pasa (chats, juegos online, comunidades virtuales&#8230;) para conseguir una reacci\u00f3n violenta que, una vez denunciada o evidenciada, le suponga la exclusi\u00f3n de quien realmente ven\u00eda siendo la v\u00edctima.<\/li><\/ul><ul>\n<li>Hacer circular rumores en los cuales a la v\u00edctima se le suponga un comportamiento reprochable, ofensivo o desleal, de forma que sean otros quienes, sin poner en duda lo que leen, ejerzan sus propias formas de represalia o acoso.<\/li><\/ul><ul>\n<li>Enviar menajes amenazantes por e-mail o SMS, perseguir y acechar a la v\u00edctima en los lugares de Internet en los se relaciona de manera habitual provoc\u00e1ndole una sensaci\u00f3n de completo agobio.<\/li>\n<\/ul>\t\t\t\t\t\t\t\t<\/div>\n\t\t\t\t<\/div>\n\t\t\t\t\t<\/div>\n\t\t<\/div>\n\t\t\t\t\t<\/div>\n\t\t<\/section>\n\t\t\t\t<\/div>\n\t\t","protected":false},"excerpt":{"rendered":"<p>El\u00a0ciberbullying\u00a0es\u00a0el uso de los medios telem\u00e1ticos (Internet, telefon\u00eda m\u00f3vil y videojuegos online principalmente) para ejercer el acoso psicol\u00f3gico entre iguales.\u00a0No se trata aqu\u00ed el acoso o abuso de \u00edndole estrictamente sexual ni los casos en los que personas adultas intervienen. \u00bfQu\u00e9 no es el ciberbullying? Por tanto tiene que haber\u00a0menores en ambos extremos\u00a0del ataque para [&hellip;]<\/p>\n","protected":false},"author":1,"featured_media":0,"parent":0,"menu_order":0,"comment_status":"open","ping_status":"closed","template":"","meta":{"footnotes":""},"class_list":["post-7","page","type-page","status-publish","hentry"],"yoast_head":"<!-- This site is optimized with the Yoast SEO plugin v27.6 - https:\/\/yoast.com\/product\/yoast-seo-wordpress\/ -->\n<title>\u00bfQu\u00e9 es el Ciberbullying? - CIBERBULLYING<\/title>\n<meta name=\"robots\" content=\"index, follow, max-snippet:-1, max-image-preview:large, max-video-preview:-1\" \/>\n<link rel=\"canonical\" href=\"https:\/\/www.ciberbullying.com\/cyberbullying\/que-es-el-ciberbullying\/\" \/>\n<meta property=\"og:locale\" content=\"es_ES\" \/>\n<meta property=\"og:type\" content=\"article\" \/>\n<meta property=\"og:title\" content=\"\u00bfQu\u00e9 es el Ciberbullying? - CIBERBULLYING\" \/>\n<meta property=\"og:description\" content=\"El\u00a0ciberbullying\u00a0es\u00a0el uso de los medios telem\u00e1ticos (Internet, telefon\u00eda m\u00f3vil y videojuegos online principalmente) para ejercer el acoso psicol\u00f3gico entre iguales.\u00a0No se trata aqu\u00ed el acoso o abuso de \u00edndole estrictamente sexual ni los casos en los que personas adultas intervienen. \u00bfQu\u00e9 no es el ciberbullying? Por tanto tiene que haber\u00a0menores en ambos extremos\u00a0del ataque para [&hellip;]\" \/>\n<meta property=\"og:url\" content=\"https:\/\/www.ciberbullying.com\/cyberbullying\/que-es-el-ciberbullying\/\" \/>\n<meta property=\"og:site_name\" content=\"CIBERBULLYING\" \/>\n<meta property=\"article:modified_time\" content=\"2020-04-02T09:40:03+00:00\" \/>\n<meta name=\"twitter:card\" content=\"summary_large_image\" \/>\n<meta name=\"twitter:label1\" content=\"Tiempo de lectura\" \/>\n\t<meta name=\"twitter:data1\" content=\"4 minutos\" \/>\n<script type=\"application\/ld+json\" class=\"yoast-schema-graph\">{\"@context\":\"https:\\\/\\\/schema.org\",\"@graph\":[{\"@type\":\"WebPage\",\"@id\":\"https:\\\/\\\/www.ciberbullying.com\\\/cyberbullying\\\/que-es-el-ciberbullying\\\/\",\"url\":\"https:\\\/\\\/www.ciberbullying.com\\\/cyberbullying\\\/que-es-el-ciberbullying\\\/\",\"name\":\"\u00bfQu\u00e9 es el Ciberbullying? - CIBERBULLYING\",\"isPartOf\":{\"@id\":\"https:\\\/\\\/www.ciberbullying.com\\\/cyberbullying\\\/#website\"},\"datePublished\":\"2011-03-11T18:28:42+00:00\",\"dateModified\":\"2020-04-02T09:40:03+00:00\",\"breadcrumb\":{\"@id\":\"https:\\\/\\\/www.ciberbullying.com\\\/cyberbullying\\\/que-es-el-ciberbullying\\\/#breadcrumb\"},\"inLanguage\":\"es\",\"potentialAction\":[{\"@type\":\"ReadAction\",\"target\":[\"https:\\\/\\\/www.ciberbullying.com\\\/cyberbullying\\\/que-es-el-ciberbullying\\\/\"]}]},{\"@type\":\"BreadcrumbList\",\"@id\":\"https:\\\/\\\/www.ciberbullying.com\\\/cyberbullying\\\/que-es-el-ciberbullying\\\/#breadcrumb\",\"itemListElement\":[{\"@type\":\"ListItem\",\"position\":1,\"name\":\"Portada\",\"item\":\"https:\\\/\\\/www.ciberbullying.com\\\/cyberbullying\\\/\"},{\"@type\":\"ListItem\",\"position\":2,\"name\":\"\u00bfQu\u00e9 es el Ciberbullying?\"}]},{\"@type\":\"WebSite\",\"@id\":\"https:\\\/\\\/www.ciberbullying.com\\\/cyberbullying\\\/#website\",\"url\":\"https:\\\/\\\/www.ciberbullying.com\\\/cyberbullying\\\/\",\"name\":\"CIBERBULLYING\",\"description\":\"Acoso escolar \u2013 Ciberacoso entre iguales\",\"potentialAction\":[{\"@type\":\"SearchAction\",\"target\":{\"@type\":\"EntryPoint\",\"urlTemplate\":\"https:\\\/\\\/www.ciberbullying.com\\\/cyberbullying\\\/?s={search_term_string}\"},\"query-input\":{\"@type\":\"PropertyValueSpecification\",\"valueRequired\":true,\"valueName\":\"search_term_string\"}}],\"inLanguage\":\"es\"}]}<\/script>\n<!-- \/ Yoast SEO plugin. -->","yoast_head_json":{"title":"\u00bfQu\u00e9 es el Ciberbullying? - CIBERBULLYING","robots":{"index":"index","follow":"follow","max-snippet":"max-snippet:-1","max-image-preview":"max-image-preview:large","max-video-preview":"max-video-preview:-1"},"canonical":"https:\/\/www.ciberbullying.com\/cyberbullying\/que-es-el-ciberbullying\/","og_locale":"es_ES","og_type":"article","og_title":"\u00bfQu\u00e9 es el Ciberbullying? - CIBERBULLYING","og_description":"El\u00a0ciberbullying\u00a0es\u00a0el uso de los medios telem\u00e1ticos (Internet, telefon\u00eda m\u00f3vil y videojuegos online principalmente) para ejercer el acoso psicol\u00f3gico entre iguales.\u00a0No se trata aqu\u00ed el acoso o abuso de \u00edndole estrictamente sexual ni los casos en los que personas adultas intervienen. \u00bfQu\u00e9 no es el ciberbullying? Por tanto tiene que haber\u00a0menores en ambos extremos\u00a0del ataque para [&hellip;]","og_url":"https:\/\/www.ciberbullying.com\/cyberbullying\/que-es-el-ciberbullying\/","og_site_name":"CIBERBULLYING","article_modified_time":"2020-04-02T09:40:03+00:00","twitter_card":"summary_large_image","twitter_misc":{"Tiempo de lectura":"4 minutos"},"schema":{"@context":"https:\/\/schema.org","@graph":[{"@type":"WebPage","@id":"https:\/\/www.ciberbullying.com\/cyberbullying\/que-es-el-ciberbullying\/","url":"https:\/\/www.ciberbullying.com\/cyberbullying\/que-es-el-ciberbullying\/","name":"\u00bfQu\u00e9 es el Ciberbullying? - CIBERBULLYING","isPartOf":{"@id":"https:\/\/www.ciberbullying.com\/cyberbullying\/#website"},"datePublished":"2011-03-11T18:28:42+00:00","dateModified":"2020-04-02T09:40:03+00:00","breadcrumb":{"@id":"https:\/\/www.ciberbullying.com\/cyberbullying\/que-es-el-ciberbullying\/#breadcrumb"},"inLanguage":"es","potentialAction":[{"@type":"ReadAction","target":["https:\/\/www.ciberbullying.com\/cyberbullying\/que-es-el-ciberbullying\/"]}]},{"@type":"BreadcrumbList","@id":"https:\/\/www.ciberbullying.com\/cyberbullying\/que-es-el-ciberbullying\/#breadcrumb","itemListElement":[{"@type":"ListItem","position":1,"name":"Portada","item":"https:\/\/www.ciberbullying.com\/cyberbullying\/"},{"@type":"ListItem","position":2,"name":"\u00bfQu\u00e9 es el Ciberbullying?"}]},{"@type":"WebSite","@id":"https:\/\/www.ciberbullying.com\/cyberbullying\/#website","url":"https:\/\/www.ciberbullying.com\/cyberbullying\/","name":"CIBERBULLYING","description":"Acoso escolar \u2013 Ciberacoso entre iguales","potentialAction":[{"@type":"SearchAction","target":{"@type":"EntryPoint","urlTemplate":"https:\/\/www.ciberbullying.com\/cyberbullying\/?s={search_term_string}"},"query-input":{"@type":"PropertyValueSpecification","valueRequired":true,"valueName":"search_term_string"}}],"inLanguage":"es"}]}},"_links":{"self":[{"href":"https:\/\/www.ciberbullying.com\/cyberbullying\/wp-json\/wp\/v2\/pages\/7","targetHints":{"allow":["GET"]}}],"collection":[{"href":"https:\/\/www.ciberbullying.com\/cyberbullying\/wp-json\/wp\/v2\/pages"}],"about":[{"href":"https:\/\/www.ciberbullying.com\/cyberbullying\/wp-json\/wp\/v2\/types\/page"}],"author":[{"embeddable":true,"href":"https:\/\/www.ciberbullying.com\/cyberbullying\/wp-json\/wp\/v2\/users\/1"}],"replies":[{"embeddable":true,"href":"https:\/\/www.ciberbullying.com\/cyberbullying\/wp-json\/wp\/v2\/comments?post=7"}],"version-history":[{"count":9,"href":"https:\/\/www.ciberbullying.com\/cyberbullying\/wp-json\/wp\/v2\/pages\/7\/revisions"}],"predecessor-version":[{"id":1925,"href":"https:\/\/www.ciberbullying.com\/cyberbullying\/wp-json\/wp\/v2\/pages\/7\/revisions\/1925"}],"wp:attachment":[{"href":"https:\/\/www.ciberbullying.com\/cyberbullying\/wp-json\/wp\/v2\/media?parent=7"}],"curies":[{"name":"wp","href":"https:\/\/api.w.org\/{rel}","templated":true}]}}