{"id":551,"date":"2012-01-13T10:17:01","date_gmt":"2012-01-13T10:17:01","guid":{"rendered":"http:\/\/www.ciberbullying.com\/cyberbullying\/"},"modified":"2012-01-13T10:31:04","modified_gmt":"2012-01-13T10:31:04","slug":"%c2%bfque-es-el-ciberbullying","status":"publish","type":"page","link":"https:\/\/www.ciberbullying.com\/cyberbullying\/%c2%bfque-es-el-ciberbullying\/","title":{"rendered":"\u00bfQu\u00e9 es el ciberbullying? (p\u00e1gina antigua)"},"content":{"rendered":"<p><span style=\"color:red\">AVISO: Esta p\u00e1gina ha cambiado de direcci\u00f3n.<\/span> Ahora est\u00e1 en <a href=\"http:\/\/www.ciberbullying.com\/cyberbullying\/que-es-el-ciberbullying\/\">http:\/\/www.ciberbullying.com\/cyberbullying\/que-es-el-ciberbullying\/<\/a><\/p>\n<p>Los contadores de difusi\u00f3n en redes sociales se volvieron a poner 0 el 13\/01\/2012 a ra\u00edz del cambio de URL. Los anteriores se muestran en esta imagen:<\/p>\n<p><img decoding=\"async\" data-src=\"http:\/\/www.ciberbullying.com\/cyberbullying\/wp-content\/uploads\/2012\/01\/estadisticas-botones-difusion-redes-sociales-20120113.png\" alt=\"\" src=\"data:image\/svg+xml;base64,PHN2ZyB3aWR0aD0iMSIgaGVpZ2h0PSIxIiB4bWxucz0iaHR0cDovL3d3dy53My5vcmcvMjAwMC9zdmciPjwvc3ZnPg==\" class=\"lazyload\" \/><\/p>\n","protected":false},"excerpt":{"rendered":"<p>AVISO: Esta p\u00e1gina ha cambiado de direcci\u00f3n. Ahora est\u00e1 en http:\/\/www.ciberbullying.com\/cyberbullying\/que-es-el-ciberbullying\/ Los contadores de difusi\u00f3n en redes sociales se volvieron a poner 0 el 13\/01\/2012 a ra\u00edz del cambio de URL. Los anteriores se muestran en esta imagen:<\/p>\n","protected":false},"author":1,"featured_media":0,"parent":0,"menu_order":0,"comment_status":"open","ping_status":"open","template":"","meta":{"footnotes":""},"class_list":["post-551","page","type-page","status-publish","hentry"],"yoast_head":"<!-- This site is optimized with the Yoast SEO plugin v27.4 - https:\/\/yoast.com\/product\/yoast-seo-wordpress\/ -->\n<title>\u00bfQu\u00e9 es el ciberbullying? (p\u00e1gina antigua) - CIBERBULLYING<\/title>\n<meta name=\"robots\" content=\"index, follow, max-snippet:-1, max-image-preview:large, max-video-preview:-1\" \/>\n<link rel=\"canonical\" href=\"http:\/\/www.ciberbullying.com\/cyberbullying\/que-es-el-ciberbullying\/\" \/>\n<meta property=\"og:locale\" content=\"es_ES\" \/>\n<meta property=\"og:type\" content=\"article\" \/>\n<meta property=\"og:title\" content=\"\u00bfQu\u00e9 es el ciberbullying? (p\u00e1gina antigua) - CIBERBULLYING\" \/>\n<meta property=\"og:description\" content=\"AVISO: Esta p\u00e1gina ha cambiado de direcci\u00f3n. Ahora est\u00e1 en http:\/\/www.ciberbullying.com\/cyberbullying\/que-es-el-ciberbullying\/ Los contadores de difusi\u00f3n en redes sociales se volvieron a poner 0 el 13\/01\/2012 a ra\u00edz del cambio de URL. Los anteriores se muestran en esta imagen:\" \/>\n<meta property=\"og:url\" content=\"http:\/\/www.ciberbullying.com\/cyberbullying\/que-es-el-ciberbullying\/\" \/>\n<meta property=\"og:site_name\" content=\"CIBERBULLYING\" \/>\n<meta property=\"article:modified_time\" content=\"2012-01-13T10:31:04+00:00\" \/>\n<meta property=\"og:image\" content=\"http:\/\/www.ciberbullying.com\/cyberbullying\/wp-content\/uploads\/2012\/01\/estadisticas-botones-difusion-redes-sociales-20120113.png\" \/>\n<meta name=\"twitter:card\" content=\"summary_large_image\" \/>\n<script type=\"application\/ld+json\" class=\"yoast-schema-graph\">{\"@context\":\"https:\\\/\\\/schema.org\",\"@graph\":[{\"@type\":\"WebPage\",\"@id\":\"http:\\\/\\\/www.ciberbullying.com\\\/cyberbullying\\\/que-es-el-ciberbullying\\\/\",\"url\":\"http:\\\/\\\/www.ciberbullying.com\\\/cyberbullying\\\/que-es-el-ciberbullying\\\/\",\"name\":\"\u00bfQu\u00e9 es el ciberbullying? (p\u00e1gina antigua) - CIBERBULLYING\",\"isPartOf\":{\"@id\":\"https:\\\/\\\/www.ciberbullying.com\\\/cyberbullying\\\/#website\"},\"primaryImageOfPage\":{\"@id\":\"http:\\\/\\\/www.ciberbullying.com\\\/cyberbullying\\\/que-es-el-ciberbullying\\\/#primaryimage\"},\"image\":{\"@id\":\"http:\\\/\\\/www.ciberbullying.com\\\/cyberbullying\\\/que-es-el-ciberbullying\\\/#primaryimage\"},\"thumbnailUrl\":\"http:\\\/\\\/www.ciberbullying.com\\\/cyberbullying\\\/wp-content\\\/uploads\\\/2012\\\/01\\\/estadisticas-botones-difusion-redes-sociales-20120113.png\",\"datePublished\":\"2012-01-13T10:17:01+00:00\",\"dateModified\":\"2012-01-13T10:31:04+00:00\",\"breadcrumb\":{\"@id\":\"http:\\\/\\\/www.ciberbullying.com\\\/cyberbullying\\\/que-es-el-ciberbullying\\\/#breadcrumb\"},\"inLanguage\":\"es\",\"potentialAction\":[{\"@type\":\"ReadAction\",\"target\":[\"http:\\\/\\\/www.ciberbullying.com\\\/cyberbullying\\\/que-es-el-ciberbullying\\\/\"]}]},{\"@type\":\"ImageObject\",\"inLanguage\":\"es\",\"@id\":\"http:\\\/\\\/www.ciberbullying.com\\\/cyberbullying\\\/que-es-el-ciberbullying\\\/#primaryimage\",\"url\":\"https:\\\/\\\/www.ciberbullying.com\\\/cyberbullying\\\/wp-content\\\/uploads\\\/2012\\\/01\\\/estadisticas-botones-difusion-redes-sociales-20120113.png\",\"contentUrl\":\"https:\\\/\\\/www.ciberbullying.com\\\/cyberbullying\\\/wp-content\\\/uploads\\\/2012\\\/01\\\/estadisticas-botones-difusion-redes-sociales-20120113.png\",\"width\":\"404\",\"height\":\"211\"},{\"@type\":\"BreadcrumbList\",\"@id\":\"http:\\\/\\\/www.ciberbullying.com\\\/cyberbullying\\\/que-es-el-ciberbullying\\\/#breadcrumb\",\"itemListElement\":[{\"@type\":\"ListItem\",\"position\":1,\"name\":\"Portada\",\"item\":\"https:\\\/\\\/www.ciberbullying.com\\\/cyberbullying\\\/\"},{\"@type\":\"ListItem\",\"position\":2,\"name\":\"\u00bfQu\u00e9 es el ciberbullying? (p\u00e1gina antigua)\"}]},{\"@type\":\"WebSite\",\"@id\":\"https:\\\/\\\/www.ciberbullying.com\\\/cyberbullying\\\/#website\",\"url\":\"https:\\\/\\\/www.ciberbullying.com\\\/cyberbullying\\\/\",\"name\":\"CIBERBULLYING\",\"description\":\"Acoso escolar \u2013 Ciberacoso entre iguales\",\"potentialAction\":[{\"@type\":\"SearchAction\",\"target\":{\"@type\":\"EntryPoint\",\"urlTemplate\":\"https:\\\/\\\/www.ciberbullying.com\\\/cyberbullying\\\/?s={search_term_string}\"},\"query-input\":{\"@type\":\"PropertyValueSpecification\",\"valueRequired\":true,\"valueName\":\"search_term_string\"}}],\"inLanguage\":\"es\"}]}<\/script>\n<!-- \/ Yoast SEO plugin. -->","yoast_head_json":{"title":"\u00bfQu\u00e9 es el ciberbullying? (p\u00e1gina antigua) - CIBERBULLYING","robots":{"index":"index","follow":"follow","max-snippet":"max-snippet:-1","max-image-preview":"max-image-preview:large","max-video-preview":"max-video-preview:-1"},"canonical":"http:\/\/www.ciberbullying.com\/cyberbullying\/que-es-el-ciberbullying\/","og_locale":"es_ES","og_type":"article","og_title":"\u00bfQu\u00e9 es el ciberbullying? (p\u00e1gina antigua) - CIBERBULLYING","og_description":"AVISO: Esta p\u00e1gina ha cambiado de direcci\u00f3n. Ahora est\u00e1 en http:\/\/www.ciberbullying.com\/cyberbullying\/que-es-el-ciberbullying\/ Los contadores de difusi\u00f3n en redes sociales se volvieron a poner 0 el 13\/01\/2012 a ra\u00edz del cambio de URL. Los anteriores se muestran en esta imagen:","og_url":"http:\/\/www.ciberbullying.com\/cyberbullying\/que-es-el-ciberbullying\/","og_site_name":"CIBERBULLYING","article_modified_time":"2012-01-13T10:31:04+00:00","og_image":[{"url":"http:\/\/www.ciberbullying.com\/cyberbullying\/wp-content\/uploads\/2012\/01\/estadisticas-botones-difusion-redes-sociales-20120113.png","type":"","width":"","height":""}],"twitter_card":"summary_large_image","schema":{"@context":"https:\/\/schema.org","@graph":[{"@type":"WebPage","@id":"http:\/\/www.ciberbullying.com\/cyberbullying\/que-es-el-ciberbullying\/","url":"http:\/\/www.ciberbullying.com\/cyberbullying\/que-es-el-ciberbullying\/","name":"\u00bfQu\u00e9 es el ciberbullying? (p\u00e1gina antigua) - CIBERBULLYING","isPartOf":{"@id":"https:\/\/www.ciberbullying.com\/cyberbullying\/#website"},"primaryImageOfPage":{"@id":"http:\/\/www.ciberbullying.com\/cyberbullying\/que-es-el-ciberbullying\/#primaryimage"},"image":{"@id":"http:\/\/www.ciberbullying.com\/cyberbullying\/que-es-el-ciberbullying\/#primaryimage"},"thumbnailUrl":"http:\/\/www.ciberbullying.com\/cyberbullying\/wp-content\/uploads\/2012\/01\/estadisticas-botones-difusion-redes-sociales-20120113.png","datePublished":"2012-01-13T10:17:01+00:00","dateModified":"2012-01-13T10:31:04+00:00","breadcrumb":{"@id":"http:\/\/www.ciberbullying.com\/cyberbullying\/que-es-el-ciberbullying\/#breadcrumb"},"inLanguage":"es","potentialAction":[{"@type":"ReadAction","target":["http:\/\/www.ciberbullying.com\/cyberbullying\/que-es-el-ciberbullying\/"]}]},{"@type":"ImageObject","inLanguage":"es","@id":"http:\/\/www.ciberbullying.com\/cyberbullying\/que-es-el-ciberbullying\/#primaryimage","url":"https:\/\/www.ciberbullying.com\/cyberbullying\/wp-content\/uploads\/2012\/01\/estadisticas-botones-difusion-redes-sociales-20120113.png","contentUrl":"https:\/\/www.ciberbullying.com\/cyberbullying\/wp-content\/uploads\/2012\/01\/estadisticas-botones-difusion-redes-sociales-20120113.png","width":"404","height":"211"},{"@type":"BreadcrumbList","@id":"http:\/\/www.ciberbullying.com\/cyberbullying\/que-es-el-ciberbullying\/#breadcrumb","itemListElement":[{"@type":"ListItem","position":1,"name":"Portada","item":"https:\/\/www.ciberbullying.com\/cyberbullying\/"},{"@type":"ListItem","position":2,"name":"\u00bfQu\u00e9 es el ciberbullying? (p\u00e1gina antigua)"}]},{"@type":"WebSite","@id":"https:\/\/www.ciberbullying.com\/cyberbullying\/#website","url":"https:\/\/www.ciberbullying.com\/cyberbullying\/","name":"CIBERBULLYING","description":"Acoso escolar \u2013 Ciberacoso entre iguales","potentialAction":[{"@type":"SearchAction","target":{"@type":"EntryPoint","urlTemplate":"https:\/\/www.ciberbullying.com\/cyberbullying\/?s={search_term_string}"},"query-input":{"@type":"PropertyValueSpecification","valueRequired":true,"valueName":"search_term_string"}}],"inLanguage":"es"}]}},"_links":{"self":[{"href":"https:\/\/www.ciberbullying.com\/cyberbullying\/wp-json\/wp\/v2\/pages\/551","targetHints":{"allow":["GET"]}}],"collection":[{"href":"https:\/\/www.ciberbullying.com\/cyberbullying\/wp-json\/wp\/v2\/pages"}],"about":[{"href":"https:\/\/www.ciberbullying.com\/cyberbullying\/wp-json\/wp\/v2\/types\/page"}],"author":[{"embeddable":true,"href":"https:\/\/www.ciberbullying.com\/cyberbullying\/wp-json\/wp\/v2\/users\/1"}],"replies":[{"embeddable":true,"href":"https:\/\/www.ciberbullying.com\/cyberbullying\/wp-json\/wp\/v2\/comments?post=551"}],"version-history":[{"count":7,"href":"https:\/\/www.ciberbullying.com\/cyberbullying\/wp-json\/wp\/v2\/pages\/551\/revisions"}],"predecessor-version":[{"id":560,"href":"https:\/\/www.ciberbullying.com\/cyberbullying\/wp-json\/wp\/v2\/pages\/551\/revisions\/560"}],"wp:attachment":[{"href":"https:\/\/www.ciberbullying.com\/cyberbullying\/wp-json\/wp\/v2\/media?parent=551"}],"curies":[{"name":"wp","href":"https:\/\/api.w.org\/{rel}","templated":true}]}}