{"id":11,"date":"2011-03-11T18:40:19","date_gmt":"2011-03-11T18:40:19","guid":{"rendered":"http:\/\/www.ciberbullying.com\/cyberbullying\/?page_id=11"},"modified":"2019-05-28T12:48:03","modified_gmt":"2019-05-28T11:48:03","slug":"guia-practica-sobre-ciberbullying","status":"publish","type":"page","link":"https:\/\/www.ciberbullying.com\/cyberbullying\/guia-practica-sobre-ciberbullying\/","title":{"rendered":"Gu\u00eda pr\u00e1ctica sobre Ciberbullying"},"content":{"rendered":"\t\t<div data-elementor-type=\"wp-post\" data-elementor-id=\"11\" class=\"elementor elementor-11\">\n\t\t\t\t\t\t<section class=\"elementor-section elementor-top-section elementor-element elementor-element-3ce6215 elementor-section-boxed elementor-section-height-default elementor-section-height-default\" data-id=\"3ce6215\" data-element_type=\"section\" data-e-type=\"section\">\n\t\t\t\t\t\t<div class=\"elementor-container elementor-column-gap-default\">\n\t\t\t\t\t<div class=\"elementor-column elementor-col-100 elementor-top-column elementor-element elementor-element-3e0a431\" data-id=\"3e0a431\" data-element_type=\"column\" data-e-type=\"column\">\n\t\t\t<div class=\"elementor-widget-wrap elementor-element-populated\">\n\t\t\t\t\t\t<div class=\"elementor-element elementor-element-c5b8bb6 elementor-widget elementor-widget-image\" data-id=\"c5b8bb6\" data-element_type=\"widget\" data-e-type=\"widget\" data-widget_type=\"image.default\">\n\t\t\t\t<div class=\"elementor-widget-container\">\n\t\t\t\t\t\t\t\t\t\t\t\t\t\t\t<img decoding=\"async\" data-src=\"https:\/\/www.ciberbullying.com\/cyberbullying\/wp-content\/uploads\/elementor\/thumbs\/montajeCIBERBULLYING-web-o8hhjlugu3zbkun03h907xoj5keabxsap2lmjkfmno.jpg\" title=\"montajeCIBERBULLYING-web\" alt=\"montajeCIBERBULLYING-web\" src=\"data:image\/svg+xml;base64,PHN2ZyB3aWR0aD0iMSIgaGVpZ2h0PSIxIiB4bWxucz0iaHR0cDovL3d3dy53My5vcmcvMjAwMC9zdmciPjwvc3ZnPg==\" class=\"lazyload\" style=\"--smush-placeholder-width: 450px; --smush-placeholder-aspect-ratio: 450\/306;\" \/>\t\t\t\t\t\t\t\t\t\t\t\t\t\t\t<\/div>\n\t\t\t\t<\/div>\n\t\t\t\t\t<\/div>\n\t\t<\/div>\n\t\t\t\t\t<\/div>\n\t\t<\/section>\n\t\t\t\t<section class=\"elementor-section elementor-top-section elementor-element elementor-element-4e9e67c8 elementor-section-boxed elementor-section-height-default elementor-section-height-default\" data-id=\"4e9e67c8\" data-element_type=\"section\" data-e-type=\"section\">\n\t\t\t\t\t\t<div class=\"elementor-container elementor-column-gap-default\">\n\t\t\t\t\t<div class=\"elementor-column elementor-col-100 elementor-top-column elementor-element elementor-element-4ab95f27\" data-id=\"4ab95f27\" data-element_type=\"column\" data-e-type=\"column\">\n\t\t\t<div class=\"elementor-widget-wrap elementor-element-populated\">\n\t\t\t\t\t\t<div class=\"elementor-element elementor-element-917eea6 elementor-widget elementor-widget-heading\" data-id=\"917eea6\" data-element_type=\"widget\" data-e-type=\"widget\" data-widget_type=\"heading.default\">\n\t\t\t\t<div class=\"elementor-widget-container\">\n\t\t\t\t\t<h2 class=\"elementor-heading-title elementor-size-default\">Texto de la contraportada<\/h2>\t\t\t\t<\/div>\n\t\t\t\t<\/div>\n\t\t\t\t<div class=\"elementor-element elementor-element-5fe5599 elementor-widget elementor-widget-text-editor\" data-id=\"5fe5599\" data-element_type=\"widget\" data-e-type=\"widget\" data-widget_type=\"text-editor.default\">\n\t\t\t\t<div class=\"elementor-widget-container\">\n\t\t\t\t\t\t\t\t\t<p style=\"font-family: ABeeZee, sans-serif;\">En los \u00faltimos a\u00f1os, padres, profesorado y sociedad en general hemos tomado conciencia de la dimensi\u00f3n y de las graves consecuencias del acoso entre iguales, un problema que adquiere una nueva dimensi\u00f3n de manera paralela al gran desarrollo de las\u00a0<acronym title=\"Tecnolog\u00edas de la Informaci\u00f3n y de la Comunicaci\u00f3n\">TIC<\/acronym>, en particular Internet y la telefon\u00eda m\u00f3vil, tan presentes durante la infancia y la adolescencia. En efecto, el anonimato, la no percepci\u00f3n directa e inmediata del da\u00f1o causado y la adopci\u00f3n de roles imaginarios en la Red hacen del ciberbullying un serio problema. Se trata de un desaf\u00edo colectivo que esta gu\u00eda pr\u00e1ctica pretende contribuir a afrontar.<\/p>\t\t\t\t\t\t\t\t<\/div>\n\t\t\t\t<\/div>\n\t\t\t\t<div class=\"elementor-element elementor-element-f07f2aa elementor-widget elementor-widget-heading\" data-id=\"f07f2aa\" data-element_type=\"widget\" data-e-type=\"widget\" data-widget_type=\"heading.default\">\n\t\t\t\t<div class=\"elementor-widget-container\">\n\t\t\t\t\t<h2 class=\"elementor-heading-title elementor-size-default\">Acerca de la autora<\/h2>\t\t\t\t<\/div>\n\t\t\t\t<\/div>\n\t\t\t\t\t<\/div>\n\t\t<\/div>\n\t\t\t\t\t<\/div>\n\t\t<\/section>\n\t\t\t\t<section class=\"elementor-section elementor-top-section elementor-element elementor-element-0025fae elementor-section-boxed elementor-section-height-default elementor-section-height-default\" data-id=\"0025fae\" data-element_type=\"section\" data-e-type=\"section\">\n\t\t\t\t\t\t<div class=\"elementor-container elementor-column-gap-default\">\n\t\t\t\t\t<div class=\"elementor-column elementor-col-50 elementor-top-column elementor-element elementor-element-996b5a1\" data-id=\"996b5a1\" data-element_type=\"column\" data-e-type=\"column\">\n\t\t\t<div class=\"elementor-widget-wrap elementor-element-populated\">\n\t\t\t\t\t\t<div class=\"elementor-element elementor-element-59ac85c elementor-widget elementor-widget-image\" data-id=\"59ac85c\" data-element_type=\"widget\" data-e-type=\"widget\" data-widget_type=\"image.default\">\n\t\t\t\t<div class=\"elementor-widget-container\">\n\t\t\t\t\t\t\t\t\t\t\t\t\t\t\t\t<a href=\"https:\/\/www.ciberbullying.com\/cyberbullying\/wp-content\/uploads\/2019\/05\/parry.jpg\" data-elementor-open-lightbox=\"yes\" data-elementor-lightbox-title=\"parry\" data-e-action-hash=\"#elementor-action%3Aaction%3Dlightbox%26settings%3DeyJpZCI6MTk3NCwidXJsIjoiaHR0cHM6XC9cL3d3dy5jaWJlcmJ1bGx5aW5nLmNvbVwvY3liZXJidWxseWluZ1wvd3AtY29udGVudFwvdXBsb2Fkc1wvMjAxOVwvMDVcL3BhcnJ5LmpwZyJ9\">\n\t\t\t\t\t\t\t<img decoding=\"async\" width=\"98\" height=\"115\" data-src=\"https:\/\/www.ciberbullying.com\/cyberbullying\/wp-content\/uploads\/2019\/05\/parry.jpg\" class=\"attachment-large size-large wp-image-1974 lazyload\" alt=\"\" src=\"data:image\/svg+xml;base64,PHN2ZyB3aWR0aD0iMSIgaGVpZ2h0PSIxIiB4bWxucz0iaHR0cDovL3d3dy53My5vcmcvMjAwMC9zdmciPjwvc3ZnPg==\" style=\"--smush-placeholder-width: 98px; --smush-placeholder-aspect-ratio: 98\/115;\" \/>\t\t\t\t\t\t\t\t<\/a>\n\t\t\t\t\t\t\t\t\t\t\t\t\t\t\t<\/div>\n\t\t\t\t<\/div>\n\t\t\t\t\t<\/div>\n\t\t<\/div>\n\t\t\t\t<div class=\"elementor-column elementor-col-50 elementor-top-column elementor-element elementor-element-ea6ffd6\" data-id=\"ea6ffd6\" data-element_type=\"column\" data-e-type=\"column\">\n\t\t\t<div class=\"elementor-widget-wrap elementor-element-populated\">\n\t\t\t\t\t\t<div class=\"elementor-element elementor-element-1d003b2 elementor-widget elementor-widget-text-editor\" data-id=\"1d003b2\" data-element_type=\"widget\" data-e-type=\"widget\" data-widget_type=\"text-editor.default\">\n\t\t\t\t<div class=\"elementor-widget-container\">\n\t\t\t\t\t\t\t\t\t<p style=\"font-family: ABeeZee, sans-serif;\">La\u00a0<strong>Dra. Parry Aftab<\/strong> abandon\u00f3 en 1997 su brillante carrera profesional como abogada en EE.UU. para consagrar su vida a la protecci\u00f3n de los menores en Internet. Con tal finalidad, fund\u00f3 y dirige <strong>WiredSafety.org<\/strong>, la mayor organizaci\u00f3n del mundo en este \u00e1mbito, la ayuda y seguridad entre los j\u00f3venes. Autora de numerosas publicaciones, est\u00e1 considerada una l\u00edder mundial en la materia, y realiza labores de consultora para legisladores de Europa y Norteam\u00e9rica.\u00a0<\/p>\t\t\t\t\t\t\t\t<\/div>\n\t\t\t\t<\/div>\n\t\t\t\t\t<\/div>\n\t\t<\/div>\n\t\t\t\t\t<\/div>\n\t\t<\/section>\n\t\t\t\t<section class=\"elementor-section elementor-top-section elementor-element elementor-element-65bc94a elementor-section-boxed elementor-section-height-default elementor-section-height-default\" data-id=\"65bc94a\" data-element_type=\"section\" data-e-type=\"section\">\n\t\t\t\t\t\t<div class=\"elementor-container elementor-column-gap-default\">\n\t\t\t\t\t<div class=\"elementor-column elementor-col-100 elementor-top-column elementor-element elementor-element-f188815\" data-id=\"f188815\" data-element_type=\"column\" data-e-type=\"column\">\n\t\t\t<div class=\"elementor-widget-wrap elementor-element-populated\">\n\t\t\t\t\t\t<div class=\"elementor-element elementor-element-30e814f elementor-widget elementor-widget-text-editor\" data-id=\"30e814f\" data-element_type=\"widget\" data-e-type=\"widget\" data-widget_type=\"text-editor.default\">\n\t\t\t\t<div class=\"elementor-widget-container\">\n\t\t\t\t\t\t\t\t\t<p style=\"font-family: ABeeZee, sans-serif;\">En Espa\u00f1a colabora con la\u00a0<strong>Fundaci\u00f3n EDEX<\/strong>\u00a0e\u00a0<strong>Integral de Medios<\/strong>\u00a0en la iniciativa\u00a0<a style=\"background-color: #ffffff;\" href=\"http:\/\/www.pantallasamigas.net\/\">PantallasAmigas<\/a>.<\/p><p style=\"font-family: ABeeZee, sans-serif;\">Referente mundial en el tema del\u00a0<strong>Ciberbullying<\/strong>, ha desarrollado varios proyectos espec\u00edficos para luchar contra este problema entre los que se encuentra\u00a0<strong>StopCyberbullying.org<\/strong>.<\/p>\t\t\t\t\t\t\t\t<\/div>\n\t\t\t\t<\/div>\n\t\t\t\t<div class=\"elementor-element elementor-element-59e83b6 elementor-widget elementor-widget-heading\" data-id=\"59e83b6\" data-element_type=\"widget\" data-e-type=\"widget\" data-widget_type=\"heading.default\">\n\t\t\t\t<div class=\"elementor-widget-container\">\n\t\t\t\t\t<h2 class=\"elementor-heading-title elementor-size-default\">Acerca de la gu\u00eda<\/h2>\t\t\t\t<\/div>\n\t\t\t\t<\/div>\n\t\t\t\t<div class=\"elementor-element elementor-element-d12c477 elementor-widget elementor-widget-text-editor\" data-id=\"d12c477\" data-element_type=\"widget\" data-e-type=\"widget\" data-widget_type=\"text-editor.default\">\n\t\t\t\t<div class=\"elementor-widget-container\">\n\t\t\t\t\t\t\t\t\t<blockquote style=\"font-family: ABeeZee, sans-serif;\"><p>&#8220;Tras haber pasado tanto tiempo tratando de proteger a los menores de las personas adultas con malas intenciones, nunca imagin\u00e9 que dedicar\u00eda tantos esfuerzos a protegerles a unos de los otros&#8221;<br \/><strong>\u2014 Parry Aftab<\/strong><\/p><\/blockquote><p style=\"font-family: ABeeZee, sans-serif;\">El acoso entre iguales es, por desgracia, un fen\u00f3meno en expansi\u00f3n. Las Nuevas Tecnolog\u00edas, y en especial Internet, han proporcionado una diferente naturaleza y mayor alcance a la cuesti\u00f3n. El anonimato, la no percepci\u00f3n directa e inmediata del da\u00f1o causado, la adopci\u00f3n de roles imaginarios en la Red y la gran facilidad y disponibilidad del medio, unido al papel cada vez m\u00e1s importante que juega la Red en la vida de los menores, hacen del Ciberbullying un serio problema al que esta gu\u00eda da respuesta.<\/p>\t\t\t\t\t\t\t\t<\/div>\n\t\t\t\t<\/div>\n\t\t\t\t<div class=\"elementor-element elementor-element-81087c7 elementor-widget elementor-widget-heading\" data-id=\"81087c7\" data-element_type=\"widget\" data-e-type=\"widget\" data-widget_type=\"heading.default\">\n\t\t\t\t<div class=\"elementor-widget-container\">\n\t\t\t\t\t<h2 class=\"elementor-heading-title elementor-size-default\">C\u00f3mo hacerte con la gu\u00eda<\/h2>\t\t\t\t<\/div>\n\t\t\t\t<\/div>\n\t\t\t\t<div class=\"elementor-element elementor-element-21df7f2 elementor-widget elementor-widget-text-editor\" data-id=\"21df7f2\" data-element_type=\"widget\" data-e-type=\"widget\" data-widget_type=\"text-editor.default\">\n\t\t\t\t<div class=\"elementor-widget-container\">\n\t\t\t\t\t\t\t\t\t<p style=\"font-family: ABeeZee, sans-serif;\">Puedes\u00a0<a href=\"http:\/\/www.edex.es\/publicaciones\/Producto.aspx?prod=238\">solicitarla por medio del cat\u00e1logo online de EDEX<\/a>\u00a0o realizarnos cualquier\u00a0<a href=\"mailto:publicaciones@edex.es\">consulta por correo electr\u00f3nico<\/a>.<\/p><h4 style=\"color: #7a7a7a;\">Ficha t\u00e9cnica:<\/h4><ul style=\"font-family: ABeeZee, sans-serif;\"><li style=\"list-style-type: none;\"><ul><li>Autora: Parry Aftab (<a href=\"http:\/\/www.aftab.com\/\">www.aftab.com<\/a>)<\/li><li>Adaptaci\u00f3n y contextualizaci\u00f3n:<br \/><a href=\"http:\/\/www.jorgefloresfernandez.com\/\">Jorge Flores Fern\u00e1ndez<\/a>, Manu Casal.<\/li><li>Formato: 55 p\u00e1ginas, 23,5cm x 16,5cm<\/li><li>ISBN: 84-9726-336-7<\/li><li>DL : BI-1324-06<\/li><li>Descriptores: Ciberbullying, cyberbullying, ciberacoso, ciberabuso, bullying, acoso escolar, acoso entre iguales, riesgos de internet, menores e internet, riesgos tecnol\u00f3gicos, navegaci\u00f3n segura, internet segura.<\/li><li>Precio: 12,48 \u20ac<\/li><\/ul><\/li><\/ul>\t\t\t\t\t\t\t\t<\/div>\n\t\t\t\t<\/div>\n\t\t\t\t<div class=\"elementor-element elementor-element-f6a026f elementor-widget elementor-widget-heading\" data-id=\"f6a026f\" data-element_type=\"widget\" data-e-type=\"widget\" data-widget_type=\"heading.default\">\n\t\t\t\t<div class=\"elementor-widget-container\">\n\t\t\t\t\t<h2 class=\"elementor-heading-title elementor-size-default\">M\u00e1s informaci\u00f3n<\/h2>\t\t\t\t<\/div>\n\t\t\t\t<\/div>\n\t\t\t\t<div class=\"elementor-element elementor-element-3c7614c elementor-widget elementor-widget-text-editor\" data-id=\"3c7614c\" data-element_type=\"widget\" data-e-type=\"widget\" data-widget_type=\"text-editor.default\">\n\t\t\t\t<div class=\"elementor-widget-container\">\n\t\t\t\t\t\t\t\t\t<p><a style=\"color: #5b8013; background-color: #ffffff; font-family: ABeeZee, sans-serif;\" href=\"http:\/\/www.pantallasamigas.net\/recursos-educativos-materiales-didacticos\/guia-ciberbullying\/index.htm\"><strong>Conoce m\u00e1s de la gu\u00eda sobre ciberbullying<\/strong><\/a><\/p>\t\t\t\t\t\t\t\t<\/div>\n\t\t\t\t<\/div>\n\t\t\t\t\t<\/div>\n\t\t<\/div>\n\t\t\t\t\t<\/div>\n\t\t<\/section>\n\t\t\t\t<\/div>\n\t\t","protected":false},"excerpt":{"rendered":"<p>Texto de la contraportada En los \u00faltimos a\u00f1os, padres, profesorado y sociedad en general hemos tomado conciencia de la dimensi\u00f3n y de las graves consecuencias del acoso entre iguales, un problema que adquiere una nueva dimensi\u00f3n de manera paralela al gran desarrollo de las\u00a0TIC, en particular Internet y la telefon\u00eda m\u00f3vil, tan presentes durante la [&hellip;]<\/p>\n","protected":false},"author":1,"featured_media":0,"parent":0,"menu_order":0,"comment_status":"open","ping_status":"open","template":"","meta":{"footnotes":""},"class_list":["post-11","page","type-page","status-publish","hentry"],"yoast_head":"<!-- This site is optimized with the Yoast SEO plugin v27.3 - https:\/\/yoast.com\/product\/yoast-seo-wordpress\/ -->\n<title>Gu\u00eda pr\u00e1ctica sobre Ciberbullying - CIBERBULLYING<\/title>\n<meta name=\"robots\" content=\"index, follow, max-snippet:-1, max-image-preview:large, max-video-preview:-1\" \/>\n<link rel=\"canonical\" href=\"https:\/\/www.ciberbullying.com\/cyberbullying\/guia-practica-sobre-ciberbullying\/\" \/>\n<meta property=\"og:locale\" content=\"es_ES\" \/>\n<meta property=\"og:type\" content=\"article\" \/>\n<meta property=\"og:title\" content=\"Gu\u00eda pr\u00e1ctica sobre Ciberbullying - CIBERBULLYING\" \/>\n<meta property=\"og:description\" content=\"Texto de la contraportada En los \u00faltimos a\u00f1os, padres, profesorado y sociedad en general hemos tomado conciencia de la dimensi\u00f3n y de las graves consecuencias del acoso entre iguales, un problema que adquiere una nueva dimensi\u00f3n de manera paralela al gran desarrollo de las\u00a0TIC, en particular Internet y la telefon\u00eda m\u00f3vil, tan presentes durante la [&hellip;]\" \/>\n<meta property=\"og:url\" content=\"https:\/\/www.ciberbullying.com\/cyberbullying\/guia-practica-sobre-ciberbullying\/\" \/>\n<meta property=\"og:site_name\" content=\"CIBERBULLYING\" \/>\n<meta property=\"article:modified_time\" content=\"2019-05-28T11:48:03+00:00\" \/>\n<meta property=\"og:image\" content=\"https:\/\/www.ciberbullying.com\/cyberbullying\/wp-content\/uploads\/elementor\/thumbs\/montajeCIBERBULLYING-web-o8hhjlugu3zbkun03h907xoj5keabxsap2lmjkfmny.jpg\" \/>\n<meta name=\"twitter:card\" content=\"summary_large_image\" \/>\n<meta name=\"twitter:label1\" content=\"Tiempo de lectura\" \/>\n\t<meta name=\"twitter:data1\" content=\"2 minutos\" \/>\n<script type=\"application\/ld+json\" class=\"yoast-schema-graph\">{\"@context\":\"https:\\\/\\\/schema.org\",\"@graph\":[{\"@type\":\"WebPage\",\"@id\":\"https:\\\/\\\/www.ciberbullying.com\\\/cyberbullying\\\/guia-practica-sobre-ciberbullying\\\/\",\"url\":\"https:\\\/\\\/www.ciberbullying.com\\\/cyberbullying\\\/guia-practica-sobre-ciberbullying\\\/\",\"name\":\"Gu\u00eda pr\u00e1ctica sobre Ciberbullying - CIBERBULLYING\",\"isPartOf\":{\"@id\":\"https:\\\/\\\/www.ciberbullying.com\\\/cyberbullying\\\/#website\"},\"primaryImageOfPage\":{\"@id\":\"https:\\\/\\\/www.ciberbullying.com\\\/cyberbullying\\\/guia-practica-sobre-ciberbullying\\\/#primaryimage\"},\"image\":{\"@id\":\"https:\\\/\\\/www.ciberbullying.com\\\/cyberbullying\\\/guia-practica-sobre-ciberbullying\\\/#primaryimage\"},\"thumbnailUrl\":\"https:\\\/\\\/www.ciberbullying.com\\\/cyberbullying\\\/wp-content\\\/uploads\\\/elementor\\\/thumbs\\\/montajeCIBERBULLYING-web-o8hhjlugu3zbkun03h907xoj5keabxsap2lmjkfmny.jpg\",\"datePublished\":\"2011-03-11T18:40:19+00:00\",\"dateModified\":\"2019-05-28T11:48:03+00:00\",\"breadcrumb\":{\"@id\":\"https:\\\/\\\/www.ciberbullying.com\\\/cyberbullying\\\/guia-practica-sobre-ciberbullying\\\/#breadcrumb\"},\"inLanguage\":\"es\",\"potentialAction\":[{\"@type\":\"ReadAction\",\"target\":[\"https:\\\/\\\/www.ciberbullying.com\\\/cyberbullying\\\/guia-practica-sobre-ciberbullying\\\/\"]}]},{\"@type\":\"ImageObject\",\"inLanguage\":\"es\",\"@id\":\"https:\\\/\\\/www.ciberbullying.com\\\/cyberbullying\\\/guia-practica-sobre-ciberbullying\\\/#primaryimage\",\"url\":\"https:\\\/\\\/www.ciberbullying.com\\\/cyberbullying\\\/wp-content\\\/uploads\\\/elementor\\\/thumbs\\\/montajeCIBERBULLYING-web-o8hhjlugu3zbkun03h907xoj5keabxsap2lmjkfmny.jpg\",\"contentUrl\":\"https:\\\/\\\/www.ciberbullying.com\\\/cyberbullying\\\/wp-content\\\/uploads\\\/elementor\\\/thumbs\\\/montajeCIBERBULLYING-web-o8hhjlugu3zbkun03h907xoj5keabxsap2lmjkfmny.jpg\"},{\"@type\":\"BreadcrumbList\",\"@id\":\"https:\\\/\\\/www.ciberbullying.com\\\/cyberbullying\\\/guia-practica-sobre-ciberbullying\\\/#breadcrumb\",\"itemListElement\":[{\"@type\":\"ListItem\",\"position\":1,\"name\":\"Portada\",\"item\":\"https:\\\/\\\/www.ciberbullying.com\\\/cyberbullying\\\/\"},{\"@type\":\"ListItem\",\"position\":2,\"name\":\"Gu\u00eda pr\u00e1ctica sobre Ciberbullying\"}]},{\"@type\":\"WebSite\",\"@id\":\"https:\\\/\\\/www.ciberbullying.com\\\/cyberbullying\\\/#website\",\"url\":\"https:\\\/\\\/www.ciberbullying.com\\\/cyberbullying\\\/\",\"name\":\"CIBERBULLYING\",\"description\":\"Acoso escolar \u2013 Ciberacoso entre iguales\",\"potentialAction\":[{\"@type\":\"SearchAction\",\"target\":{\"@type\":\"EntryPoint\",\"urlTemplate\":\"https:\\\/\\\/www.ciberbullying.com\\\/cyberbullying\\\/?s={search_term_string}\"},\"query-input\":{\"@type\":\"PropertyValueSpecification\",\"valueRequired\":true,\"valueName\":\"search_term_string\"}}],\"inLanguage\":\"es\"}]}<\/script>\n<!-- \/ Yoast SEO plugin. -->","yoast_head_json":{"title":"Gu\u00eda pr\u00e1ctica sobre Ciberbullying - CIBERBULLYING","robots":{"index":"index","follow":"follow","max-snippet":"max-snippet:-1","max-image-preview":"max-image-preview:large","max-video-preview":"max-video-preview:-1"},"canonical":"https:\/\/www.ciberbullying.com\/cyberbullying\/guia-practica-sobre-ciberbullying\/","og_locale":"es_ES","og_type":"article","og_title":"Gu\u00eda pr\u00e1ctica sobre Ciberbullying - CIBERBULLYING","og_description":"Texto de la contraportada En los \u00faltimos a\u00f1os, padres, profesorado y sociedad en general hemos tomado conciencia de la dimensi\u00f3n y de las graves consecuencias del acoso entre iguales, un problema que adquiere una nueva dimensi\u00f3n de manera paralela al gran desarrollo de las\u00a0TIC, en particular Internet y la telefon\u00eda m\u00f3vil, tan presentes durante la [&hellip;]","og_url":"https:\/\/www.ciberbullying.com\/cyberbullying\/guia-practica-sobre-ciberbullying\/","og_site_name":"CIBERBULLYING","article_modified_time":"2019-05-28T11:48:03+00:00","og_image":[{"url":"https:\/\/www.ciberbullying.com\/cyberbullying\/wp-content\/uploads\/elementor\/thumbs\/montajeCIBERBULLYING-web-o8hhjlugu3zbkun03h907xoj5keabxsap2lmjkfmny.jpg","type":"","width":"","height":""}],"twitter_card":"summary_large_image","twitter_misc":{"Tiempo de lectura":"2 minutos"},"schema":{"@context":"https:\/\/schema.org","@graph":[{"@type":"WebPage","@id":"https:\/\/www.ciberbullying.com\/cyberbullying\/guia-practica-sobre-ciberbullying\/","url":"https:\/\/www.ciberbullying.com\/cyberbullying\/guia-practica-sobre-ciberbullying\/","name":"Gu\u00eda pr\u00e1ctica sobre Ciberbullying - CIBERBULLYING","isPartOf":{"@id":"https:\/\/www.ciberbullying.com\/cyberbullying\/#website"},"primaryImageOfPage":{"@id":"https:\/\/www.ciberbullying.com\/cyberbullying\/guia-practica-sobre-ciberbullying\/#primaryimage"},"image":{"@id":"https:\/\/www.ciberbullying.com\/cyberbullying\/guia-practica-sobre-ciberbullying\/#primaryimage"},"thumbnailUrl":"https:\/\/www.ciberbullying.com\/cyberbullying\/wp-content\/uploads\/elementor\/thumbs\/montajeCIBERBULLYING-web-o8hhjlugu3zbkun03h907xoj5keabxsap2lmjkfmny.jpg","datePublished":"2011-03-11T18:40:19+00:00","dateModified":"2019-05-28T11:48:03+00:00","breadcrumb":{"@id":"https:\/\/www.ciberbullying.com\/cyberbullying\/guia-practica-sobre-ciberbullying\/#breadcrumb"},"inLanguage":"es","potentialAction":[{"@type":"ReadAction","target":["https:\/\/www.ciberbullying.com\/cyberbullying\/guia-practica-sobre-ciberbullying\/"]}]},{"@type":"ImageObject","inLanguage":"es","@id":"https:\/\/www.ciberbullying.com\/cyberbullying\/guia-practica-sobre-ciberbullying\/#primaryimage","url":"https:\/\/www.ciberbullying.com\/cyberbullying\/wp-content\/uploads\/elementor\/thumbs\/montajeCIBERBULLYING-web-o8hhjlugu3zbkun03h907xoj5keabxsap2lmjkfmny.jpg","contentUrl":"https:\/\/www.ciberbullying.com\/cyberbullying\/wp-content\/uploads\/elementor\/thumbs\/montajeCIBERBULLYING-web-o8hhjlugu3zbkun03h907xoj5keabxsap2lmjkfmny.jpg"},{"@type":"BreadcrumbList","@id":"https:\/\/www.ciberbullying.com\/cyberbullying\/guia-practica-sobre-ciberbullying\/#breadcrumb","itemListElement":[{"@type":"ListItem","position":1,"name":"Portada","item":"https:\/\/www.ciberbullying.com\/cyberbullying\/"},{"@type":"ListItem","position":2,"name":"Gu\u00eda pr\u00e1ctica sobre Ciberbullying"}]},{"@type":"WebSite","@id":"https:\/\/www.ciberbullying.com\/cyberbullying\/#website","url":"https:\/\/www.ciberbullying.com\/cyberbullying\/","name":"CIBERBULLYING","description":"Acoso escolar \u2013 Ciberacoso entre iguales","potentialAction":[{"@type":"SearchAction","target":{"@type":"EntryPoint","urlTemplate":"https:\/\/www.ciberbullying.com\/cyberbullying\/?s={search_term_string}"},"query-input":{"@type":"PropertyValueSpecification","valueRequired":true,"valueName":"search_term_string"}}],"inLanguage":"es"}]}},"_links":{"self":[{"href":"https:\/\/www.ciberbullying.com\/cyberbullying\/wp-json\/wp\/v2\/pages\/11","targetHints":{"allow":["GET"]}}],"collection":[{"href":"https:\/\/www.ciberbullying.com\/cyberbullying\/wp-json\/wp\/v2\/pages"}],"about":[{"href":"https:\/\/www.ciberbullying.com\/cyberbullying\/wp-json\/wp\/v2\/types\/page"}],"author":[{"embeddable":true,"href":"https:\/\/www.ciberbullying.com\/cyberbullying\/wp-json\/wp\/v2\/users\/1"}],"replies":[{"embeddable":true,"href":"https:\/\/www.ciberbullying.com\/cyberbullying\/wp-json\/wp\/v2\/comments?post=11"}],"version-history":[{"count":19,"href":"https:\/\/www.ciberbullying.com\/cyberbullying\/wp-json\/wp\/v2\/pages\/11\/revisions"}],"predecessor-version":[{"id":1981,"href":"https:\/\/www.ciberbullying.com\/cyberbullying\/wp-json\/wp\/v2\/pages\/11\/revisions\/1981"}],"wp:attachment":[{"href":"https:\/\/www.ciberbullying.com\/cyberbullying\/wp-json\/wp\/v2\/media?parent=11"}],"curies":[{"name":"wp","href":"https:\/\/api.w.org\/{rel}","templated":true}]}}