{"id":107,"date":"2011-04-01T10:33:23","date_gmt":"2011-04-01T10:33:23","guid":{"rendered":"http:\/\/www.ciberbullying.com\/cyberbullying\/"},"modified":"2011-04-02T08:51:44","modified_gmt":"2011-04-02T08:51:44","slug":"test-para-madres-y-padres","status":"publish","type":"page","link":"https:\/\/www.ciberbullying.com\/cyberbullying\/test-para-madres-y-padres\/","title":{"rendered":"Test para madres y padres"},"content":{"rendered":"<p><!--span style=\"color:red;\">(El test de momento no funciona. Estamos trabajando para repararlo. Disculpa las molestias.)<\/span--><\/p>\n<h2>\u00bfEstoy preparada\/o para proteger a mis hijos del ciberbullying?<\/h2>\n<h3>Calentamiento: conocimientos de Internet<\/h3>\n<form name=\"f1test\" action=\"\" method=\"post\">\n<p>          \t<label for=\"myspace\"><strong>MySpace.com es:<\/strong><\/label><input type=\"radio\" name=\"myspace\" value=\"1\"> Un web pornogr\u00e1fico.<input type=\"radio\" name=\"myspace\" value=\"0\"> Un web donde la gente publica fotos suyas e informaci\u00f3n para relacionarse con otros.<input type=\"radio\" name=\"myspace\" value=\"1\"> Un webzine sobre sexo donde la gente puede enviar consultas para que se las respondan.<\/p>\n<p><label for=\"poking\"><strong>Hacerle \u00abpoking\u00bb a alguien online es:<\/strong><\/label><input type=\"radio\" name=\"poking\" value=\"1\"> Una forma de acosar o fastidiar.<input type=\"radio\" name=\"poking\" value=\"1\"> Algo relacionado con el cibersexo.<input type=\"radio\" name=\"poking\" value=\"0\"> Una forma de decir \u00abhola\u00bb en Facebook.<\/p>\n<p><label for=\"ausencia\"><strong>Un \u00abmensaje de ausencia\u00bb es:<\/strong><\/label><input type=\"radio\" name=\"ausencia\" value=\"0\"> Un mensaje autom\u00e1tico que informa a otros usuarios de mensajer\u00eda instant\u00e1nea de si est\u00e1s o no al ordenador.<input type=\"radio\" name=\"ausencia\" value=\"1\"> Un mensaje autom\u00e1tico que informa a otros usuarios de SMS de si est\u00e1s o no al aparato.<input type=\"radio\" name=\"ausencia\" value=\"1\"> Una expresi\u00f3n para referirse a un saludo de correo de voz.<\/p>\n<p><label for=\"bloquear\"><strong>\u00abBloquear\u00bb es:<\/strong><\/label><input type=\"radio\" name=\"bloquear\" value=\"1\"> Ignorar o frustrar las tentativas o insinuaciones sexuales de alguien.<input type=\"radio\" name=\"bloquear\" value=\"0\"> Una forma de privar a los internautas de la capacidad de saber cu\u00e1ndo est\u00e1s conectado\/a.<input type=\"radio\" name=\"bloquear\" value=\"1\"> La interceptaci\u00f3n de un correo por hackers antes de que llegue a su destino.<br \/>\n        <\/form>\n<h3>Ahora marca las frases que sean ciertas<\/h3>\n<p>(Si no sabes si es cierto o no, d\u00e9jalo sin marcar.)<\/p>\n<form method=\"POST\" name=\"f2test\" action=\"\">\n<p><input type=\"checkbox\" name=\"check01\" value=\"1\"><label for=\"check01\">S\u00e9 usar los controles parentales que ofrece mi proveedor de acceso a Internet<\/label><br \/>\n<input type=\"checkbox\" name=\"check02\" value=\"1\"><label for=\"check02\">Tengo los controles parentales puestos para restringir lo que mi hijo o hija puede hacer por Internet.<\/label><br \/>\n<input type=\"checkbox\" name=\"check03\" value=\"1\"><label for=\"check03\">He hablado con mi hijo\/a acerca de los peligros de encontrarse con gente de Internet.<\/label><br \/>\n<input type=\"checkbox\" name=\"check04\" value=\"1\"><label for=\"check04\">S\u00e9 que mi hijo\/a no da informaci\u00f3n personal por Internet.<\/label><br \/>\n<input type=\"checkbox\" name=\"check05\" value=\"1\"><label for=\"check05\">S\u00e9 que mi hijo\/a no utiliza salas de chat para conocer gente.<\/label><br \/>\n<input type=\"checkbox\" name=\"check06\" value=\"1\"><label for=\"check06\">He aconsejado a mi hijo\/a que desconf\u00ede de la forma en que la gente se describe a s\u00ed misma en Internet.<\/label><br \/>\n<input type=\"checkbox\" name=\"check07\" value=\"1\"><label for=\"check07\">S\u00e9 que mi hijo\/a no ha dado por ah\u00ed su clave.<\/label><br \/>\n<input type=\"checkbox\" name=\"check08\" value=\"1\"><label for=\"check08\">S\u00e9 que mi hijo\/a no utiliza Internet para ver pornograf\u00eda.<\/label><br \/>\n<input type=\"checkbox\" name=\"check09\" value=\"1\"><label for=\"check09\">Vigilo los motes de mi hijo en sus cuentas de mensajer\u00eda instant\u00e1nea y le pregunto cuando veo nombres extra\u00f1os que aparecen en su lista de contactos.<\/label><br \/>\n<input type=\"checkbox\" name=\"check10\" value=\"1\"><label for=\"check10\">S\u00e9 que mi hijo no se ha conectado ilegalmente a la cuenta de otra persona en Internet.<\/label><br \/>\n<input type=\"checkbox\" name=\"check11\" value=\"1\"><label for=\"check11\">S\u00e9 c\u00f3mo usar los controles de privacidad en Internet para bloquear usuarios y mi hijo\/a tambi\u00e9n sabe bloquear.<\/label><br \/>\n<input type=\"checkbox\" name=\"check12\" value=\"1\"><label for=\"check12\">Le he dicho a mi hijo que me cuente si alguien finge ser \u00e9l\/ella, le\/la desconcierta o le\/la amenaza por medio de Internet.<\/label><br \/>\n<input type=\"checkbox\" name=\"check13\" value=\"1\"><label for=\"check13\">S\u00e9 con qui\u00e9n contactar si s\u00e9 da caso anterior.<\/label><br \/>\n<input type=\"checkbox\" name=\"check14\" value=\"1\"><label for=\"check14\">Le he prometido a mi hijo\/a que no reaccionar\u00e9 exageradamente si me avisa de algo que le\/la molesta en la Red.<\/label><br \/>\n<input type=\"checkbox\" name=\"check15\" value=\"1\"><label for=\"check15\">S\u00e9 qu\u00e9 funcionalidades tiene el tel\u00e9fono m\u00f3vil de mi hijo\/a.<\/label><br \/>\n<input type=\"checkbox\" name=\"check16\" value=\"1\"><label for=\"check16\">Le he hablado a mi hijo\/a acerca de sacar fotos o publicar fotos de otros sin su permiso.<\/label><br \/>\n<input type=\"checkbox\" name=\"check17\" value=\"1\"><label for=\"check17\">S\u00e9 la contrase\u00f1a de mi hijo\/a, o me ense\u00f1a sus perfiles, p\u00e1ginas y comunicaciones cuando se lo pido.<\/label><\/p>\n<p><a href=\"#Resultado\" onClick=\"corrige();\"><img decoding=\"async\" data-src=\"http:\/\/www.ciberbullying.net\/images\/btn_resolver.jpg\" alt=\"Resolver\" title=\"Resolver\" id=\"btn-search\" style=\"padding-top:20px;\" src=\"data:image\/svg+xml;base64,PHN2ZyB3aWR0aD0iMSIgaGVpZ2h0PSIxIiB4bWxucz0iaHR0cDovL3d3dy53My5vcmcvMjAwMC9zdmciPjwvc3ZnPg==\" class=\"lazyload\"><\/a><\/p>\n<p>\t\t  <a name=\"Resultado\"><\/a><\/p>\n<h3>Resultado<\/h3>\n<p><textarea name=\"resultado\" cols=\"48\" rows=\"10\" wrap=\"PHYSICAL\" id=\"areatexto\">Pulsa el bot\u00f3n de \u00abResolver\u00bb para conocer el resultado.<\/textarea><br \/>\n        <\/form>\n<p>Este y otros tests para saber si tu hijo\/a sufre o comete ciberbullying los puedes encontrar en la <a href=\"guia.htm\"><em>Gu\u00eda pr\u00e1ctica para madres, padres y personal docente sobre Ciberbullying<\/em><\/a> de <a href=\"http:\/\/www.aftab.com\/\">Parry Aftab<\/a>.<\/p>\n","protected":false},"excerpt":{"rendered":"<p>\u00bfEstoy preparada\/o para proteger a mis hijos del ciberbullying? Calentamiento: conocimientos de Internet MySpace.com es: Un web pornogr\u00e1fico. Un web donde la gente publica fotos suyas e informaci\u00f3n para relacionarse con otros. Un webzine sobre sexo donde la gente puede enviar consultas para que se las respondan. Hacerle \u00abpoking\u00bb a alguien online es: Una forma [&hellip;]<\/p>\n","protected":false},"author":1,"featured_media":0,"parent":0,"menu_order":0,"comment_status":"open","ping_status":"open","template":"","meta":{"footnotes":""},"class_list":["post-107","page","type-page","status-publish","hentry"],"yoast_head":"<!-- This site is optimized with the Yoast SEO plugin v27.4 - https:\/\/yoast.com\/product\/yoast-seo-wordpress\/ -->\n<title>Test para madres y padres - CIBERBULLYING<\/title>\n<meta name=\"robots\" content=\"index, follow, max-snippet:-1, max-image-preview:large, max-video-preview:-1\" \/>\n<link rel=\"canonical\" href=\"https:\/\/www.ciberbullying.com\/cyberbullying\/test-para-madres-y-padres\/\" \/>\n<meta property=\"og:locale\" content=\"es_ES\" \/>\n<meta property=\"og:type\" content=\"article\" \/>\n<meta property=\"og:title\" content=\"Test para madres y padres - CIBERBULLYING\" \/>\n<meta property=\"og:description\" content=\"\u00bfEstoy preparada\/o para proteger a mis hijos del ciberbullying? Calentamiento: conocimientos de Internet MySpace.com es: Un web pornogr\u00e1fico. Un web donde la gente publica fotos suyas e informaci\u00f3n para relacionarse con otros. Un webzine sobre sexo donde la gente puede enviar consultas para que se las respondan. Hacerle \u00abpoking\u00bb a alguien online es: Una forma [&hellip;]\" \/>\n<meta property=\"og:url\" content=\"https:\/\/www.ciberbullying.com\/cyberbullying\/test-para-madres-y-padres\/\" \/>\n<meta property=\"og:site_name\" content=\"CIBERBULLYING\" \/>\n<meta property=\"article:modified_time\" content=\"2011-04-02T08:51:44+00:00\" \/>\n<meta property=\"og:image\" content=\"http:\/\/www.ciberbullying.net\/images\/btn_resolver.jpg\" \/>\n<meta name=\"twitter:card\" content=\"summary_large_image\" \/>\n<meta name=\"twitter:label1\" content=\"Tiempo de lectura\" \/>\n\t<meta name=\"twitter:data1\" content=\"3 minutos\" \/>\n<script type=\"application\/ld+json\" class=\"yoast-schema-graph\">{\"@context\":\"https:\\\/\\\/schema.org\",\"@graph\":[{\"@type\":\"WebPage\",\"@id\":\"https:\\\/\\\/www.ciberbullying.com\\\/cyberbullying\\\/test-para-madres-y-padres\\\/\",\"url\":\"https:\\\/\\\/www.ciberbullying.com\\\/cyberbullying\\\/test-para-madres-y-padres\\\/\",\"name\":\"Test para madres y padres - CIBERBULLYING\",\"isPartOf\":{\"@id\":\"https:\\\/\\\/www.ciberbullying.com\\\/cyberbullying\\\/#website\"},\"primaryImageOfPage\":{\"@id\":\"https:\\\/\\\/www.ciberbullying.com\\\/cyberbullying\\\/test-para-madres-y-padres\\\/#primaryimage\"},\"image\":{\"@id\":\"https:\\\/\\\/www.ciberbullying.com\\\/cyberbullying\\\/test-para-madres-y-padres\\\/#primaryimage\"},\"thumbnailUrl\":\"http:\\\/\\\/www.ciberbullying.net\\\/images\\\/btn_resolver.jpg\",\"datePublished\":\"2011-04-01T10:33:23+00:00\",\"dateModified\":\"2011-04-02T08:51:44+00:00\",\"breadcrumb\":{\"@id\":\"https:\\\/\\\/www.ciberbullying.com\\\/cyberbullying\\\/test-para-madres-y-padres\\\/#breadcrumb\"},\"inLanguage\":\"es\",\"potentialAction\":[{\"@type\":\"ReadAction\",\"target\":[\"https:\\\/\\\/www.ciberbullying.com\\\/cyberbullying\\\/test-para-madres-y-padres\\\/\"]}]},{\"@type\":\"ImageObject\",\"inLanguage\":\"es\",\"@id\":\"https:\\\/\\\/www.ciberbullying.com\\\/cyberbullying\\\/test-para-madres-y-padres\\\/#primaryimage\",\"url\":\"http:\\\/\\\/www.ciberbullying.net\\\/images\\\/btn_resolver.jpg\",\"contentUrl\":\"http:\\\/\\\/www.ciberbullying.net\\\/images\\\/btn_resolver.jpg\"},{\"@type\":\"BreadcrumbList\",\"@id\":\"https:\\\/\\\/www.ciberbullying.com\\\/cyberbullying\\\/test-para-madres-y-padres\\\/#breadcrumb\",\"itemListElement\":[{\"@type\":\"ListItem\",\"position\":1,\"name\":\"Portada\",\"item\":\"https:\\\/\\\/www.ciberbullying.com\\\/cyberbullying\\\/\"},{\"@type\":\"ListItem\",\"position\":2,\"name\":\"Test para madres y padres\"}]},{\"@type\":\"WebSite\",\"@id\":\"https:\\\/\\\/www.ciberbullying.com\\\/cyberbullying\\\/#website\",\"url\":\"https:\\\/\\\/www.ciberbullying.com\\\/cyberbullying\\\/\",\"name\":\"CIBERBULLYING\",\"description\":\"Acoso escolar \u2013 Ciberacoso entre iguales\",\"potentialAction\":[{\"@type\":\"SearchAction\",\"target\":{\"@type\":\"EntryPoint\",\"urlTemplate\":\"https:\\\/\\\/www.ciberbullying.com\\\/cyberbullying\\\/?s={search_term_string}\"},\"query-input\":{\"@type\":\"PropertyValueSpecification\",\"valueRequired\":true,\"valueName\":\"search_term_string\"}}],\"inLanguage\":\"es\"}]}<\/script>\n<!-- \/ Yoast SEO plugin. -->","yoast_head_json":{"title":"Test para madres y padres - CIBERBULLYING","robots":{"index":"index","follow":"follow","max-snippet":"max-snippet:-1","max-image-preview":"max-image-preview:large","max-video-preview":"max-video-preview:-1"},"canonical":"https:\/\/www.ciberbullying.com\/cyberbullying\/test-para-madres-y-padres\/","og_locale":"es_ES","og_type":"article","og_title":"Test para madres y padres - CIBERBULLYING","og_description":"\u00bfEstoy preparada\/o para proteger a mis hijos del ciberbullying? Calentamiento: conocimientos de Internet MySpace.com es: Un web pornogr\u00e1fico. Un web donde la gente publica fotos suyas e informaci\u00f3n para relacionarse con otros. Un webzine sobre sexo donde la gente puede enviar consultas para que se las respondan. Hacerle \u00abpoking\u00bb a alguien online es: Una forma [&hellip;]","og_url":"https:\/\/www.ciberbullying.com\/cyberbullying\/test-para-madres-y-padres\/","og_site_name":"CIBERBULLYING","article_modified_time":"2011-04-02T08:51:44+00:00","og_image":[{"url":"http:\/\/www.ciberbullying.net\/images\/btn_resolver.jpg","type":"","width":"","height":""}],"twitter_card":"summary_large_image","twitter_misc":{"Tiempo de lectura":"3 minutos"},"schema":{"@context":"https:\/\/schema.org","@graph":[{"@type":"WebPage","@id":"https:\/\/www.ciberbullying.com\/cyberbullying\/test-para-madres-y-padres\/","url":"https:\/\/www.ciberbullying.com\/cyberbullying\/test-para-madres-y-padres\/","name":"Test para madres y padres - CIBERBULLYING","isPartOf":{"@id":"https:\/\/www.ciberbullying.com\/cyberbullying\/#website"},"primaryImageOfPage":{"@id":"https:\/\/www.ciberbullying.com\/cyberbullying\/test-para-madres-y-padres\/#primaryimage"},"image":{"@id":"https:\/\/www.ciberbullying.com\/cyberbullying\/test-para-madres-y-padres\/#primaryimage"},"thumbnailUrl":"http:\/\/www.ciberbullying.net\/images\/btn_resolver.jpg","datePublished":"2011-04-01T10:33:23+00:00","dateModified":"2011-04-02T08:51:44+00:00","breadcrumb":{"@id":"https:\/\/www.ciberbullying.com\/cyberbullying\/test-para-madres-y-padres\/#breadcrumb"},"inLanguage":"es","potentialAction":[{"@type":"ReadAction","target":["https:\/\/www.ciberbullying.com\/cyberbullying\/test-para-madres-y-padres\/"]}]},{"@type":"ImageObject","inLanguage":"es","@id":"https:\/\/www.ciberbullying.com\/cyberbullying\/test-para-madres-y-padres\/#primaryimage","url":"http:\/\/www.ciberbullying.net\/images\/btn_resolver.jpg","contentUrl":"http:\/\/www.ciberbullying.net\/images\/btn_resolver.jpg"},{"@type":"BreadcrumbList","@id":"https:\/\/www.ciberbullying.com\/cyberbullying\/test-para-madres-y-padres\/#breadcrumb","itemListElement":[{"@type":"ListItem","position":1,"name":"Portada","item":"https:\/\/www.ciberbullying.com\/cyberbullying\/"},{"@type":"ListItem","position":2,"name":"Test para madres y padres"}]},{"@type":"WebSite","@id":"https:\/\/www.ciberbullying.com\/cyberbullying\/#website","url":"https:\/\/www.ciberbullying.com\/cyberbullying\/","name":"CIBERBULLYING","description":"Acoso escolar \u2013 Ciberacoso entre iguales","potentialAction":[{"@type":"SearchAction","target":{"@type":"EntryPoint","urlTemplate":"https:\/\/www.ciberbullying.com\/cyberbullying\/?s={search_term_string}"},"query-input":{"@type":"PropertyValueSpecification","valueRequired":true,"valueName":"search_term_string"}}],"inLanguage":"es"}]}},"_links":{"self":[{"href":"https:\/\/www.ciberbullying.com\/cyberbullying\/wp-json\/wp\/v2\/pages\/107","targetHints":{"allow":["GET"]}}],"collection":[{"href":"https:\/\/www.ciberbullying.com\/cyberbullying\/wp-json\/wp\/v2\/pages"}],"about":[{"href":"https:\/\/www.ciberbullying.com\/cyberbullying\/wp-json\/wp\/v2\/types\/page"}],"author":[{"embeddable":true,"href":"https:\/\/www.ciberbullying.com\/cyberbullying\/wp-json\/wp\/v2\/users\/1"}],"replies":[{"embeddable":true,"href":"https:\/\/www.ciberbullying.com\/cyberbullying\/wp-json\/wp\/v2\/comments?post=107"}],"version-history":[{"count":22,"href":"https:\/\/www.ciberbullying.com\/cyberbullying\/wp-json\/wp\/v2\/pages\/107\/revisions"}],"predecessor-version":[{"id":130,"href":"https:\/\/www.ciberbullying.com\/cyberbullying\/wp-json\/wp\/v2\/pages\/107\/revisions\/130"}],"wp:attachment":[{"href":"https:\/\/www.ciberbullying.com\/cyberbullying\/wp-json\/wp\/v2\/media?parent=107"}],"curies":[{"name":"wp","href":"https:\/\/api.w.org\/{rel}","templated":true}]}}